{"id":21,"date":"2014-09-26T09:54:05","date_gmt":"2014-09-26T08:54:05","guid":{"rendered":"http:\/\/creatic-agency.fr\/clients\/diro\/?page_id=21"},"modified":"2016-11-02T10:11:03","modified_gmt":"2016-11-02T09:11:03","slug":"mentions-legales","status":"publish","type":"page","link":"https:\/\/diro-atlantique.fr\/en\/mentions-legales\/","title":{"rendered":"Legals notices"},"content":{"rendered":"&nbsp;<\/p>\n<h3><strong>Editeur du site<\/strong><\/h3>\n<p>Diro Atlantique<br \/>\n94 All\u00e9e des Palanques<br \/>\n33127 Saint Jean D&#8217;Illac<\/p>\n<p>Tel : +33 (0)5.56.21.88.43<br \/>\nFax : +33 (0)5.56.21.68.84<br \/>\ncontact@diro-atlantique.fr<\/p>\n<p>Le directeur de publication : Diro Atlantique<\/p>\n<h3><strong>Conception du site<\/strong><\/h3>\n<p><a title=\"Magelyos, votre partenaire informatique en Aquitaine\" href=\"http:\/\/www.magelyos.com\/fr\/\">MAGELYOS<\/a><\/p>\n<p>61 Rue Camille Pelletan<br \/>\n33150 Cenon<br \/>\n05 56 40 48 78<br \/>\n05 56 86 91 81<\/p>\n<p>contact@magelyos.com<\/p>\n<h3><strong>H\u00e9bergement<\/strong><\/h3>\n<p>Le site web est actuellement h\u00e9berg\u00e9 par OVH.<\/p>\n<p>OVH<\/p>\n<p>140 quai du sartel<\/p>\n<p>59100 Roubaix<\/p>\n<p><a href=\"http:\/\/www.ovh.com\/\" target=\"_blank\">http:\/\/www.ovh.com<\/a><\/p>\n<h3><strong>Copyright \/ Cr\u00e9dit photos<\/strong><\/h3>\n<p>Diro Atlantique<\/p>\n<h3><strong>Propri\u00e9t\u00e9 intellectuelle<\/strong><\/h3>\n<p>Tous les \u00e9l\u00e9ments composant ce site internet sont prot\u00e9g\u00e9s par les l\u00e9gislations fran\u00e7aises et internationales relatives \u00e0 la Propri\u00e9t\u00e9 Intellectuelle. Toute reproduction, repr\u00e9sentation, diffusion totale ou partielle, par quelque proc\u00e9d\u00e9 et sous quelque support que ce soit, faite sans le consentement expr\u00e8s et pr\u00e9alable de Diro Atlantique est interdite et de nature \u00e0 engager la responsabilit\u00e9 de son auteur. Il est rappel\u00e9 que la violation des droits d\u2019auteurs est constitutive du d\u00e9lit de contrefa\u00e7on puni d\u2019une peine de 300 000 euros d\u2019amende et de 3 ans d\u2019emprisonnement (CPI, art. L. 335-2 s.). Des peines compl\u00e9mentaires \u2013 fermeture d\u2019\u00e9tablissement, confiscation, publication par voie d\u2019affichage de la d\u00e9cision judiciaire \u2013 peuvent en outre \u00eatre prononc\u00e9es.<\/p>\n<h3><strong>Protection des donn\u00e9es personnelles<\/strong><\/h3>\n<p>Les informations que Diro Atlantique est amen\u00e9 \u00e0 recueillir sur son site ont pour unique but d\u2019adresser la newsletter ou r\u00e9pondre \u00e0 une demande. Conform\u00e9ment \u00e0 la loi N\u00b0 78-17 du 6 Janvier 1978 relative \u00e0 l\u2019informatique, aux fichiers et aux libert\u00e9s tout internaute dispose d\u2019un droit d\u2019acc\u00e8s, de modification, de rectification et de suppression des donn\u00e9es le concernant. Il peut exercer ces droits en \u00e9crivant \u00e0 Diro Atlantique.<\/p>","protected":false},"excerpt":{"rendered":"<p>&nbsp; Editeur du site Diro Atlantique 94 All\u00e9e des Palanques 33127 Saint Jean D&#8217;Illac Tel : +33 (0)5.56.21.88.43 Fax : +33 (0)5.56.21.68.84 contact@diro-atlantique.fr Le directeur de publication : Diro Atlantique Conception du site MAGELYOS 61 Rue Camille Pelletan 33150 Cenon 05 56 40 48 78 05 56 86 91 81 contact@magelyos.com H\u00e9bergement Le site web [&hellip;]<\/p>\n","protected":false},"author":1,"featured_media":0,"parent":0,"menu_order":0,"comment_status":"closed","ping_status":"closed","template":"","meta":{"footnotes":""},"_links":{"self":[{"href":"https:\/\/diro-atlantique.fr\/en\/wp-json\/wp\/v2\/pages\/21"}],"collection":[{"href":"https:\/\/diro-atlantique.fr\/en\/wp-json\/wp\/v2\/pages"}],"about":[{"href":"https:\/\/diro-atlantique.fr\/en\/wp-json\/wp\/v2\/types\/page"}],"author":[{"embeddable":true,"href":"https:\/\/diro-atlantique.fr\/en\/wp-json\/wp\/v2\/users\/1"}],"replies":[{"embeddable":true,"href":"https:\/\/diro-atlantique.fr\/en\/wp-json\/wp\/v2\/comments?post=21"}],"version-history":[{"count":14,"href":"https:\/\/diro-atlantique.fr\/en\/wp-json\/wp\/v2\/pages\/21\/revisions"}],"predecessor-version":[{"id":412,"href":"https:\/\/diro-atlantique.fr\/en\/wp-json\/wp\/v2\/pages\/21\/revisions\/412"}],"wp:attachment":[{"href":"https:\/\/diro-atlantique.fr\/en\/wp-json\/wp\/v2\/media?parent=21"}],"curies":[{"name":"wp","href":"https:\/\/api.w.org\/{rel}","templated":true}]}}